{"id":558,"date":"2025-04-16T13:13:30","date_gmt":"2025-04-16T13:13:30","guid":{"rendered":"https:\/\/octowatchdlp.com\/descargar-octowatch\/"},"modified":"2025-06-10T11:44:45","modified_gmt":"2025-06-10T11:44:45","slug":"descargar-octowatch","status":"publish","type":"page","link":"https:\/\/octowatchdlp.com\/es\/descargar-octowatch\/","title":{"rendered":"Descargar OctoWatch"},"content":{"rendered":"\n<div class=\"wp-block-columns is-layout-flex wp-container-core-columns-is-layout-28f84493 wp-block-columns-is-layout-flex\">\n<div class=\"wp-block-column is-layout-flow wp-block-column-is-layout-flow\">\n<div class=\"wp-block-group is-layout-constrained wp-block-group-is-layout-constrained\">\n\n\n<style>\r\n\t.form-group {\r\n\t\tmargin-bottom: 15px;\t\t\r\n\t}\r\n\t.form-group input {\r\n\t\tbackground-color:#FFFFFF;\r\n\t}\r\n\t.panel-body .alert {\r\n\t\tmargin: 0 -15px;\r\n\t\tborder: 0;\r\n\t\tborder-radius: 0;\r\n\t}\r\n\t.alert-danger {\r\n\t\tcolor: #a94442;\r\n\t\tbackground-color: #f2dede;\r\n\t\tborder-color: #ebccd1;\r\n\t}\r\n\t.alert-success {\r\n    color: #3c763d;\r\n    background-color: #dff0d8;\r\n    border-color: #d6e9c6\r\n\t}\r\n\r\n\t.alert-success hr {\r\n    border-top-color: #c9e2b3\r\n\t}\r\n\r\n\t.alert-success .alert-link {\r\n    color: #2b542c\r\n\t}\r\n\t.alert {\r\n\t\tpadding: 15px;\r\n\t\tmargin-bottom: 20px;\r\n\t\tborder: 1px solid transparent;\r\n\t\tborder-radius: 4px;\r\n\t}\r\n\t.small {\r\n    \tfont-size: 85%;\r\n\t}\r\n\t.spacer {\r\n    \theight: 20px;\r\n\t}\r\n\t.form-register {\r\n\t\tpadding:10px;\r\n\t\tbackground-color:#f7f8fd;\r\n\t\tborder-radius: 15px;\r\n\t}\r\n<\/style>\r\n<form id=\"octowatch-registration\" method=\"post\" class=\"form-register\">\r\n  <span class=\"small\">Please fill out the form below to create an account in the OctoWatch system. If you have already registered in the system, <a href=\"\/account\/\">click here to log in<\/a>.<\/span>\r\n  <div class=\"spacer\"><\/div>   \r\n  <div class=\"form-group\">\r\n    <input type=\"text\" class=\"form-control\" name=\"regname\" placeholder=\"Your name\">\r\n  <\/div>\r\n  <div class=\"form-group\">\r\n    <input type=\"email\" class=\"form-control\" name=\"regmail\" placeholder=\"Email\" required>\r\n  <\/div>\r\n  <div class=\"form-group\">\r\n    <input type=\"tel\" class=\"form-control\" name=\"regphone\" placeholder=\"Phone\" required>\r\n  <\/div>\r\n  <div class=\"form-group\">\r\n    <input type=\"password\" class=\"form-control\" name=\"regpass\" placeholder=\"Password\" required>\r\n  <\/div>\r\n  <div class=\"form-group\">\r\n    <input type=\"password\" class=\"form-control\" name=\"regpass2\" placeholder=\"Repeat password\" required>\r\n  <\/div>\r\n  <!--UTM-->\r\n  <input type=\"hidden\" name=\"utm_source\" value=\"\">\r\n  <input type=\"hidden\" name=\"utm_medium\" value=\"\">\r\n  <input type=\"hidden\" name=\"utm_campaign\" value=\"\">\r\n  <input type=\"hidden\" name=\"utm_term\" value=\"\">\r\n  <input type=\"hidden\" name=\"utm_content\" value=\"\">\r\n  <input type=\"hidden\" name=\"recaptchaRes\" value=\"\">\r\n  <div class=\"g-recaptcha\" data-sitekey=\"6Lfj1BsrAAAAAJhm1J4lN_Aq4P9mc2kj8ih5Me4p\"><\/div> \r\n\r\n  <div class=\"spacer\"><\/div>\r\n  <div class=\"form-group\">\r\n    <button type=\"submit\" class=\"btn btn-mg btn-success\">\r\n      <span>Create account<\/span>\r\n    <\/button>\r\n  <\/div>\r\n<\/form>\r\n\r\n<span class=\"small\">By clicking the \"Create account\" button, I confirm that I have read and accept the <a href=\"\/privacy\/\">Privacy Policy<\/a>&nbsp;and&nbsp;<a href=\"\/license\/\">License Agreement<\/a><\/span>\r\n\r\n<!-- jQuery must be included if not already -->\r\n<script src=\"https:\/\/code.jquery.com\/jquery-3.6.0.min.js\"><\/script>\r\n<!-- Google reCAPTCHA -->\r\n<script src=\"https:\/\/www.google.com\/recaptcha\/api.js\" async defer><\/script>\r\n\r\n<script>\r\n$(function() {\r\n  \/\/ --- \u0412\u0430\u0448 \u0441\u0443\u0449\u0435\u0441\u0442\u0432\u0443\u044e\u0449\u0438\u0439 \u043a\u043e\u0434 \u0434\u043b\u044f UTM (\u043e\u0441\u0442\u0430\u0432\u043b\u044f\u0435\u043c \u043a\u0430\u043a \u0435\u0441\u0442\u044c) ---\r\n  let params = new URLSearchParams(window.location.search);\r\n  $('input[name=\"utm_source\"]').val(params.get('utm_source') || '');\r\n  $('input[name=\"utm_medium\"]').val(params.get('utm_medium') || '');\r\n  $('input[name=\"utm_campaign\"]').val(params.get('utm_campaign') || '');\r\n  $('input[name=\"utm_term\"]').val(params.get('utm_term') || '');\r\n  $('input[name=\"utm_content\"]').val(params.get('utm_content') || '');\r\n\r\n  \/\/ --- \u0418\u0437\u043c\u0435\u043d\u0435\u043d\u043d\u044b\u0439 \u043e\u0431\u0440\u0430\u0431\u043e\u0442\u0447\u0438\u043a \u043e\u0442\u043f\u0440\u0430\u0432\u043a\u0438 \u0444\u043e\u0440\u043c\u044b ---\r\n  $('#octowatch-registration').submit(function(e){\r\n    \/\/ 1. \u0421\u043d\u0430\u0447\u0430\u043b\u0430 \u043f\u0440\u043e\u0432\u0435\u0440\u044f\u0435\u043c reCAPTCHA (\u0432\u0430\u0448\u0430 \u043b\u043e\u0433\u0438\u043a\u0430)\r\n    var response = grecaptcha.getResponse();\r\n    if(response.length == 0) {\r\n        $('.captcha_alert').remove();\r\n        $('.g-recaptcha').prepend('<p class=\"captcha_alert\" style=\"color:red;\">Please check the box<\/p>');\r\n        e.preventDefault(); \/\/ \u041e\u0441\u0442\u0430\u043d\u0430\u0432\u043b\u0438\u0432\u0430\u0435\u043c \u043e\u0442\u043f\u0440\u0430\u0432\u043a\u0443\r\n        return false;\r\n    } else {\r\n        document.getElementsByName(\"recaptchaRes\")[0].value = response;\r\n    }\r\n\r\n    \/\/ 2. \u0415\u0441\u043b\u0438 reCAPTCHA \u043f\u0440\u043e\u0439\u0434\u0435\u043d\u0430, \u043f\u0440\u0435\u0434\u043e\u0442\u0432\u0440\u0430\u0449\u0430\u0435\u043c \u0441\u0442\u0430\u043d\u0434\u0430\u0440\u0442\u043d\u0443\u044e \u043e\u0442\u043f\u0440\u0430\u0432\u043a\u0443 \u0444\u043e\u0440\u043c\u044b\r\n    e.preventDefault();\r\n\r\n    \/\/ 3. \u041f\u043e\u043b\u0443\u0447\u0430\u0435\u043c URL \u043e\u0442\u043f\u0440\u0430\u0432\u043a\u0438 \u0444\u043e\u0440\u043c\u044b (\u043e\u0431\u044b\u0447\u043d\u043e \u044d\u0442\u043e \u0430\u0442\u0440\u0438\u0431\u0443\u0442 action, \u043d\u043e \u0443 \u0432\u0430\u0441 \u0435\u0433\u043e \u043d\u0435\u0442, \u0437\u043d\u0430\u0447\u0438\u0442 \u0442\u0435\u043a\u0443\u0449\u0430\u044f \u0441\u0442\u0440\u0430\u043d\u0438\u0446\u0430)\r\n    \/\/ \u0418\u043b\u0438 \u043c\u043e\u0436\u043d\u043e \u0438\u0441\u043f\u043e\u043b\u044c\u0437\u043e\u0432\u0430\u0442\u044c action, \u0435\u0441\u043b\u0438 \u0432\u044b \u0435\u0433\u043e \u0434\u043e\u0431\u0430\u0432\u0438\u0442\u0435: var formAction = $(this).attr('action');\r\n    var formAction = window.location.href; \/\/ \u041e\u0442\u043f\u0440\u0430\u0432\u043b\u044f\u0435\u043c \u043d\u0430 \u044d\u0442\u0443 \u0436\u0435 \u0441\u0442\u0440\u0430\u043d\u0438\u0446\u0443\r\n\r\n    \/\/ 4. \u0412\u0440\u0443\u0447\u043d\u0443\u044e \u0441\u043e\u0431\u0438\u0440\u0430\u0435\u043c \u0434\u0430\u043d\u043d\u044b\u0435 \u0444\u043e\u0440\u043c\u044b \u0434\u043b\u044f \u043e\u0442\u043f\u0440\u0430\u0432\u043a\u0438 (\u0435\u0441\u043b\u0438 \u043d\u0443\u0436\u043d\u043e \u0441\u043e\u0445\u0440\u0430\u043d\u0438\u0442\u044c \u0441\u0442\u0430\u043d\u0434\u0430\u0440\u0442\u043d\u043e\u0435 \u043f\u043e\u0432\u0435\u0434\u0435\u043d\u0438\u0435)\r\n    \/\/ \u041f\u0440\u043e\u0449\u0435 \u0432\u0441\u0435\u0433\u043e \u0432\u0437\u044f\u0442\u044c formData \u0438 \u043e\u0442\u043f\u0440\u0430\u0432\u0438\u0442\u044c \u0447\u0435\u0440\u0435\u0437 fetch, \u043d\u043e \u0447\u0442\u043e\u0431\u044b \u043d\u0435 \u043b\u043e\u043c\u0430\u0442\u044c \u043b\u043e\u0433\u0438\u043a\u0443,\r\n    \/\/ \u043c\u044b \u0432\u043e\u0441\u043f\u043e\u043b\u044c\u0437\u0443\u0435\u043c\u0441\u044f \u0444\u0443\u043d\u043a\u0446\u0438\u0435\u0439 \u0438\u0437 \u0442\u044d\u0433\u0430 Google, \u043a\u043e\u0442\u043e\u0440\u0430\u044f \u0441\u0430\u043c\u0430 \u043f\u0435\u0440\u0435\u043d\u0430\u043f\u0440\u0430\u0432\u0438\u0442 \u043f\u043e\u0441\u043b\u0435 \u0442\u0440\u0435\u043a\u0438\u043d\u0433\u0430.\r\n\r\n    \/\/ 5. \u0412\u044b\u0437\u044b\u0432\u0430\u0435\u043c \u0444\u0443\u043d\u043a\u0446\u0438\u044e \u043a\u043e\u043d\u0432\u0435\u0440\u0441\u0438\u0438 Google \u0438 \u043f\u0435\u0440\u0435\u0434\u0430\u0435\u043c \u0435\u0439 URL \u0434\u043b\u044f \u043f\u0435\u0440\u0435\u0445\u043e\u0434\u0430\r\n    \/\/ \u0412\u0410\u0416\u041d\u041e: \u043c\u044b \u043f\u0435\u0440\u0435\u0434\u0430\u0435\u043c formAction \u0432\u043d\u0443\u0442\u0440\u044c \u0444\u0443\u043d\u043a\u0446\u0438\u0438, \u0447\u0442\u043e\u0431\u044b \u043e\u043d\u0430 \u0441\u0430\u043c\u0430 \u043f\u0435\u0440\u0435\u043d\u0430\u043f\u0440\u0430\u0432\u0438\u043b\u0430 \u043f\u043e\u043b\u044c\u0437\u043e\u0432\u0430\u0442\u0435\u043b\u044f\r\n    gtag_report_conversion(formAction);\r\n\r\n    \/\/ \u041e\u0431\u0440\u0430\u0442\u0438\u0442\u0435 \u0432\u043d\u0438\u043c\u0430\u043d\u0438\u0435: return false; \u0443\u0436\u0435 \u043d\u0435 \u043d\u0443\u0436\u0435\u043d, \u0442\u0430\u043a \u043a\u0430\u043a \u043c\u044b \u0432\u044b\u0437\u0432\u0430\u043b\u0438 e.preventDefault(),\r\n    \/\/ \u0430 \u0444\u0443\u043d\u043a\u0446\u0438\u044f gtag_report_conversion \u0441\u0430\u043c\u0430 \u0440\u0435\u0448\u0438\u0442, \u043a\u043e\u0433\u0434\u0430 \u043f\u0435\u0440\u0435\u0445\u043e\u0434\u0438\u0442\u044c \u043f\u043e URL.\r\n  });\r\n});\r\n\r\n<\/script>\n<\/div>\n<\/div>\n\n\n\n<div class=\"wp-block-column is-layout-flow wp-block-column-is-layout-flow\">\n<div class=\"wp-block-group is-vertical is-layout-flex wp-container-core-group-is-layout-fe9cc265 wp-block-group-is-layout-flex\">\n<div class=\"wp-block-columns is-layout-flex wp-container-core-columns-is-layout-28f84493 wp-block-columns-is-layout-flex\">\n<div class=\"wp-block-column is-layout-flow wp-block-column-is-layout-flow\" style=\"flex-basis:70px\">\n<figure class=\"wp-block-image size-full is-resized\"><img loading=\"lazy\" decoding=\"async\" width=\"250\" height=\"250\" src=\"https:\/\/octowatchdlp.com\/wp-content\/uploads\/2025\/04\/icons8-check-250.png\" alt=\"\" class=\"wp-image-311\" style=\"object-fit:contain;width:64px;height:64px\" srcset=\"https:\/\/octowatchdlp.com\/wp-content\/uploads\/2025\/04\/icons8-check-250.png 250w, https:\/\/octowatchdlp.com\/wp-content\/uploads\/2025\/04\/icons8-check-250-150x150.png 150w, https:\/\/octowatchdlp.com\/wp-content\/uploads\/2025\/04\/icons8-check-250-75x75.png 75w, https:\/\/octowatchdlp.com\/wp-content\/uploads\/2025\/04\/icons8-check-250-120x120.png 120w\" sizes=\"auto, (max-width: 250px) 100vw, 250px\" \/><\/figure>\n<\/div>\n\n\n\n<div class=\"wp-block-column is-layout-flow wp-block-column-is-layout-flow\" style=\"flex-basis:100%\">\n<div class=\"wp-block-group is-vertical is-layout-flex wp-container-core-group-is-layout-fe9cc265 wp-block-group-is-layout-flex\">\n<h3 class=\"wp-block-heading\" style=\"line-height:0\">Prueba gratuita<\/h3>\n\n\n\n<p>Reg\u00edstrese y reciba inmediatamente acceso a su cuenta personal, donde podr\u00e1 descargar una versi\u00f3n de prueba gratuita de OctoWatch.<\/p>\n<\/div>\n<\/div>\n<\/div>\n\n\n\n<div class=\"wp-block-columns is-layout-flex wp-container-core-columns-is-layout-28f84493 wp-block-columns-is-layout-flex\">\n<div class=\"wp-block-column is-layout-flow wp-block-column-is-layout-flow\" style=\"flex-basis:70px\">\n<figure class=\"wp-block-image size-full is-resized\"><img loading=\"lazy\" decoding=\"async\" width=\"250\" height=\"250\" src=\"https:\/\/octowatchdlp.com\/wp-content\/uploads\/2025\/04\/icons8-check-250.png\" alt=\"\" class=\"wp-image-311\" style=\"object-fit:contain;width:64px;height:64px\" srcset=\"https:\/\/octowatchdlp.com\/wp-content\/uploads\/2025\/04\/icons8-check-250.png 250w, https:\/\/octowatchdlp.com\/wp-content\/uploads\/2025\/04\/icons8-check-250-150x150.png 150w, https:\/\/octowatchdlp.com\/wp-content\/uploads\/2025\/04\/icons8-check-250-75x75.png 75w, https:\/\/octowatchdlp.com\/wp-content\/uploads\/2025\/04\/icons8-check-250-120x120.png 120w\" sizes=\"auto, (max-width: 250px) 100vw, 250px\" \/><\/figure>\n<\/div>\n\n\n\n<div class=\"wp-block-column is-layout-flow wp-block-column-is-layout-flow\" style=\"flex-basis:100%\">\n<div class=\"wp-block-group is-vertical is-layout-flex wp-container-core-group-is-layout-fe9cc265 wp-block-group-is-layout-flex\">\n<h3 class=\"wp-block-heading\" style=\"line-height:0\">Una soluci\u00f3n verdaderamente universal<\/h3>\n\n\n\n<p>Nuestro producto est\u00e1 pensado para todos: desde particulares hasta grandes empresas con cientos de empleados.<\/p>\n<\/div>\n<\/div>\n<\/div>\n\n\n\n<div class=\"wp-block-columns is-layout-flex wp-container-core-columns-is-layout-28f84493 wp-block-columns-is-layout-flex\">\n<div class=\"wp-block-column is-layout-flow wp-block-column-is-layout-flow\" style=\"flex-basis:70px\">\n<figure class=\"wp-block-image size-full is-resized\"><img loading=\"lazy\" decoding=\"async\" width=\"250\" height=\"250\" src=\"https:\/\/octowatchdlp.com\/wp-content\/uploads\/2025\/04\/icons8-check-250.png\" alt=\"\" class=\"wp-image-311\" style=\"object-fit:contain;width:64px;height:64px\" srcset=\"https:\/\/octowatchdlp.com\/wp-content\/uploads\/2025\/04\/icons8-check-250.png 250w, https:\/\/octowatchdlp.com\/wp-content\/uploads\/2025\/04\/icons8-check-250-150x150.png 150w, https:\/\/octowatchdlp.com\/wp-content\/uploads\/2025\/04\/icons8-check-250-75x75.png 75w, https:\/\/octowatchdlp.com\/wp-content\/uploads\/2025\/04\/icons8-check-250-120x120.png 120w\" sizes=\"auto, (max-width: 250px) 100vw, 250px\" \/><\/figure>\n<\/div>\n\n\n\n<div class=\"wp-block-column is-layout-flow wp-block-column-is-layout-flow\" style=\"flex-basis:100%\">\n<div class=\"wp-block-group is-vertical is-layout-flex wp-container-core-group-is-layout-fe9cc265 wp-block-group-is-layout-flex\">\n<h3 class=\"wp-block-heading\" style=\"line-height:0\">Asistencia t\u00e9cnica<\/h3>\n\n\n\n<p>OctoWatch es f\u00e1cil de instalar por su cuenta, pero si necesita ayuda, nuestros especialistas t\u00e9cnicos est\u00e1n siempre a su disposici\u00f3n para ayudarle.<\/p>\n<\/div>\n<\/div>\n<\/div>\n\n\n\n<div class=\"wp-block-columns is-layout-flex wp-container-core-columns-is-layout-28f84493 wp-block-columns-is-layout-flex\">\n<div class=\"wp-block-column is-layout-flow wp-block-column-is-layout-flow\" style=\"flex-basis:70px\">\n<figure class=\"wp-block-image size-full is-resized wp-container-content-5468903a\"><img loading=\"lazy\" decoding=\"async\" width=\"250\" height=\"250\" src=\"https:\/\/octowatchdlp.com\/wp-content\/uploads\/2025\/04\/icons8-check-250.png\" alt=\"\" class=\"wp-image-311\" style=\"object-fit:contain;width:64px;height:64px\" srcset=\"https:\/\/octowatchdlp.com\/wp-content\/uploads\/2025\/04\/icons8-check-250.png 250w, https:\/\/octowatchdlp.com\/wp-content\/uploads\/2025\/04\/icons8-check-250-150x150.png 150w, https:\/\/octowatchdlp.com\/wp-content\/uploads\/2025\/04\/icons8-check-250-75x75.png 75w, https:\/\/octowatchdlp.com\/wp-content\/uploads\/2025\/04\/icons8-check-250-120x120.png 120w\" sizes=\"auto, (max-width: 250px) 100vw, 250px\" \/><\/figure>\n<\/div>\n\n\n\n<div class=\"wp-block-column is-layout-flow wp-block-column-is-layout-flow\" style=\"flex-basis:100%\">\n<div class=\"wp-block-group is-vertical is-layout-flex wp-container-core-group-is-layout-fe9cc265 wp-block-group-is-layout-flex\">\n<h3 class=\"wp-block-heading\" style=\"line-height:0\"><strong>Sus datos est\u00e1n seguros<\/strong><\/h3>\n\n\n\n<p>Toda la informaci\u00f3n recopilada se encripta y se guarda en un almacenamiento seguro distribuido en la nube, o localmente en su propio servidor si elige la versi\u00f3n local.<\/p>\n<\/div>\n<\/div>\n<\/div>\n\n\n\n<div class=\"wp-block-columns is-layout-flex wp-container-core-columns-is-layout-28f84493 wp-block-columns-is-layout-flex\">\n<div class=\"wp-block-column is-layout-flow wp-block-column-is-layout-flow\" style=\"flex-basis:70px\">\n<figure class=\"wp-block-image size-full is-resized\"><img loading=\"lazy\" decoding=\"async\" width=\"250\" height=\"250\" src=\"https:\/\/octowatchdlp.com\/wp-content\/uploads\/2025\/04\/icons8-check-250.png\" alt=\"\" class=\"wp-image-311\" style=\"object-fit:contain;width:64px;height:64px\" srcset=\"https:\/\/octowatchdlp.com\/wp-content\/uploads\/2025\/04\/icons8-check-250.png 250w, https:\/\/octowatchdlp.com\/wp-content\/uploads\/2025\/04\/icons8-check-250-150x150.png 150w, https:\/\/octowatchdlp.com\/wp-content\/uploads\/2025\/04\/icons8-check-250-75x75.png 75w, https:\/\/octowatchdlp.com\/wp-content\/uploads\/2025\/04\/icons8-check-250-120x120.png 120w\" sizes=\"auto, (max-width: 250px) 100vw, 250px\" \/><\/figure>\n<\/div>\n\n\n\n<div class=\"wp-block-column is-layout-flow wp-block-column-is-layout-flow\" style=\"flex-basis:100%\">\n<div class=\"wp-block-group is-vertical is-layout-flex wp-container-core-group-is-layout-fe9cc265 wp-block-group-is-layout-flex\">\n<h3 class=\"wp-block-heading\" style=\"line-height:0\"><strong><strong>Es f\u00e1cil de usar<\/strong><\/strong><\/h3>\n\n\n\n<p>No se requieren conocimientos t\u00e9cnicos especiales: OctoWatch funciona a la perfecci\u00f3n nada m\u00e1s sacarlo de la caja. Si tiene alguna pregunta, no dude en <a href=\"https:\/\/octowatchdlp.com\/es\/contacta-con-nosotros\/\">ponerse en contacto con nuestro equipo de asistencia<\/a>. <\/p>\n<\/div>\n<\/div>\n<\/div>\n\n\n\n<div class=\"wp-block-columns is-layout-flex wp-container-core-columns-is-layout-28f84493 wp-block-columns-is-layout-flex\">\n<div class=\"wp-block-column is-layout-flow wp-block-column-is-layout-flow\" style=\"flex-basis:70px\">\n<figure class=\"wp-block-image size-full is-resized\"><img loading=\"lazy\" decoding=\"async\" width=\"250\" height=\"250\" src=\"https:\/\/octowatchdlp.com\/wp-content\/uploads\/2025\/04\/icons8-check-250.png\" alt=\"\" class=\"wp-image-311\" style=\"object-fit:contain;width:64px;height:64px\" srcset=\"https:\/\/octowatchdlp.com\/wp-content\/uploads\/2025\/04\/icons8-check-250.png 250w, https:\/\/octowatchdlp.com\/wp-content\/uploads\/2025\/04\/icons8-check-250-150x150.png 150w, https:\/\/octowatchdlp.com\/wp-content\/uploads\/2025\/04\/icons8-check-250-75x75.png 75w, https:\/\/octowatchdlp.com\/wp-content\/uploads\/2025\/04\/icons8-check-250-120x120.png 120w\" sizes=\"auto, (max-width: 250px) 100vw, 250px\" \/><\/figure>\n<\/div>\n\n\n\n<div class=\"wp-block-column is-layout-flow wp-block-column-is-layout-flow\" style=\"flex-basis:100%\">\n<div class=\"wp-block-group is-vertical is-layout-flex wp-container-core-group-is-layout-fe9cc265 wp-block-group-is-layout-flex\">\n<h3 class=\"wp-block-heading\" style=\"line-height:0\"><strong><strong><strong>Descuentos por volumen<\/strong><\/strong><\/strong><\/h3>\n\n\n\n<p>Si tiene previsto <a href=\"https:\/\/octowatchdlp.com\/es\/precios-de-octowatch\/\">adquirir<\/a> varias licencias, p\u00f3ngase en contacto con nosotros para hablar de precios especiales adaptados a sus necesidades.<\/p>\n<\/div>\n<\/div>\n<\/div>\n<\/div>\n<\/div>\n<\/div>\n\n<p><\/p>\n","protected":false},"excerpt":{"rendered":"<p>Prueba gratuita Reg\u00edstrese y reciba inmediatamente acceso a su cuenta personal, donde podr\u00e1 descargar una versi\u00f3n de prueba gratuita de OctoWatch. Una soluci\u00f3n verdaderamente universal Nuestro producto est\u00e1 pensado para todos: desde particulares hasta grandes empresas con cientos de empleados. Asistencia t\u00e9cnica OctoWatch es f\u00e1cil de instalar por su cuenta, pero si necesita ayuda, nuestros [&hellip;]<\/p>\n","protected":false},"author":1,"featured_media":0,"parent":0,"menu_order":0,"comment_status":"closed","ping_status":"closed","template":"","meta":{"cybocfi_hide_featured_image":"","footnotes":""},"class_list":["post-558","page","type-page","status-publish","hentry"],"blocksy_meta":[],"yoast_head":"<!-- This site is optimized with the Yoast SEO plugin v24.7 - https:\/\/yoast.com\/wordpress\/plugins\/seo\/ -->\n<title>Descargar software de supervisi\u00f3n de empleados<\/title>\n<meta name=\"robots\" content=\"index, follow, max-snippet:-1, max-image-preview:large, max-video-preview:-1\" \/>\n<link rel=\"canonical\" href=\"https:\/\/octowatchdlp.com\/es\/descargar-octowatch\/\" \/>\n<meta property=\"og:locale\" content=\"es_ES\" \/>\n<meta property=\"og:type\" content=\"article\" \/>\n<meta property=\"og:title\" content=\"Descargar software de supervisi\u00f3n de empleados\" \/>\n<meta property=\"og:description\" content=\"Prueba gratuita Reg\u00edstrese y reciba inmediatamente acceso a su cuenta personal, donde podr\u00e1 descargar una versi\u00f3n de prueba gratuita de OctoWatch. Una soluci\u00f3n verdaderamente universal Nuestro producto est\u00e1 pensado para todos: desde particulares hasta grandes empresas con cientos de empleados. Asistencia t\u00e9cnica OctoWatch es f\u00e1cil de instalar por su cuenta, pero si necesita ayuda, nuestros [&hellip;]\" \/>\n<meta property=\"og:url\" content=\"https:\/\/octowatchdlp.com\/es\/descargar-octowatch\/\" \/>\n<meta property=\"og:site_name\" content=\"OctoWatch DLP\" \/>\n<meta property=\"article:modified_time\" content=\"2025-06-10T11:44:45+00:00\" \/>\n<meta property=\"og:image\" content=\"https:\/\/octowatchdlp.com\/wp-content\/uploads\/2025\/04\/icons8-check-250.png\" \/>\n\t<meta property=\"og:image:width\" content=\"250\" \/>\n\t<meta property=\"og:image:height\" content=\"250\" \/>\n\t<meta property=\"og:image:type\" content=\"image\/png\" \/>\n<meta name=\"twitter:card\" content=\"summary_large_image\" \/>\n<meta name=\"twitter:label1\" content=\"Tiempo de lectura\" \/>\n\t<meta name=\"twitter:data1\" content=\"1 minuto\" \/>\n<!-- \/ Yoast SEO plugin. -->","yoast_head_json":{"title":"Descargar software de supervisi\u00f3n de empleados","robots":{"index":"index","follow":"follow","max-snippet":"max-snippet:-1","max-image-preview":"max-image-preview:large","max-video-preview":"max-video-preview:-1"},"canonical":"https:\/\/octowatchdlp.com\/es\/descargar-octowatch\/","og_locale":"es_ES","og_type":"article","og_title":"Descargar software de supervisi\u00f3n de empleados","og_description":"Prueba gratuita Reg\u00edstrese y reciba inmediatamente acceso a su cuenta personal, donde podr\u00e1 descargar una versi\u00f3n de prueba gratuita de OctoWatch. Una soluci\u00f3n verdaderamente universal Nuestro producto est\u00e1 pensado para todos: desde particulares hasta grandes empresas con cientos de empleados. Asistencia t\u00e9cnica OctoWatch es f\u00e1cil de instalar por su cuenta, pero si necesita ayuda, nuestros [&hellip;]","og_url":"https:\/\/octowatchdlp.com\/es\/descargar-octowatch\/","og_site_name":"OctoWatch DLP","article_modified_time":"2025-06-10T11:44:45+00:00","og_image":[{"width":250,"height":250,"url":"https:\/\/octowatchdlp.com\/wp-content\/uploads\/2025\/04\/icons8-check-250.png","type":"image\/png"}],"twitter_card":"summary_large_image","twitter_misc":{"Tiempo de lectura":"1 minuto"},"schema":{"@context":"https:\/\/schema.org","@graph":[{"@type":"WebPage","@id":"https:\/\/octowatchdlp.com\/es\/descargar-octowatch\/","url":"https:\/\/octowatchdlp.com\/es\/descargar-octowatch\/","name":"Descargar software de supervisi\u00f3n de empleados","isPartOf":{"@id":"https:\/\/octowatchdlp.com\/es\/#website"},"primaryImageOfPage":{"@id":"https:\/\/octowatchdlp.com\/es\/descargar-octowatch\/#primaryimage"},"image":{"@id":"https:\/\/octowatchdlp.com\/es\/descargar-octowatch\/#primaryimage"},"thumbnailUrl":"https:\/\/octowatchdlp.com\/wp-content\/uploads\/2025\/04\/icons8-check-250.png","datePublished":"2025-04-16T13:13:30+00:00","dateModified":"2025-06-10T11:44:45+00:00","breadcrumb":{"@id":"https:\/\/octowatchdlp.com\/es\/descargar-octowatch\/#breadcrumb"},"inLanguage":"es","potentialAction":[{"@type":"ReadAction","target":["https:\/\/octowatchdlp.com\/es\/descargar-octowatch\/"]}]},{"@type":"ImageObject","inLanguage":"es","@id":"https:\/\/octowatchdlp.com\/es\/descargar-octowatch\/#primaryimage","url":"https:\/\/octowatchdlp.com\/wp-content\/uploads\/2025\/04\/icons8-check-250.png","contentUrl":"https:\/\/octowatchdlp.com\/wp-content\/uploads\/2025\/04\/icons8-check-250.png"},{"@type":"BreadcrumbList","@id":"https:\/\/octowatchdlp.com\/es\/descargar-octowatch\/#breadcrumb","itemListElement":[{"@type":"ListItem","position":1,"name":"Home","item":"https:\/\/octowatchdlp.com\/es\/"},{"@type":"ListItem","position":2,"name":"Descargar OctoWatch"}]},{"@type":"WebSite","@id":"https:\/\/octowatchdlp.com\/es\/#website","url":"https:\/\/octowatchdlp.com\/es\/","name":"OctoWatch DLP","description":"","publisher":{"@id":"https:\/\/octowatchdlp.com\/es\/#organization"},"potentialAction":[{"@type":"SearchAction","target":{"@type":"EntryPoint","urlTemplate":"https:\/\/octowatchdlp.com\/es\/?s={search_term_string}"},"query-input":{"@type":"PropertyValueSpecification","valueRequired":true,"valueName":"search_term_string"}}],"inLanguage":"es"},{"@type":"Organization","@id":"https:\/\/octowatchdlp.com\/es\/#organization","name":"OctoWatch DLP","url":"https:\/\/octowatchdlp.com\/es\/","logo":{"@type":"ImageObject","inLanguage":"es","@id":"https:\/\/octowatchdlp.com\/es\/#\/schema\/logo\/image\/","url":"https:\/\/octowatchdlp.com\/wp-content\/uploads\/2025\/03\/logo_octowatch.png","contentUrl":"https:\/\/octowatchdlp.com\/wp-content\/uploads\/2025\/03\/logo_octowatch.png","width":1904,"height":712,"caption":"OctoWatch DLP"},"image":{"@id":"https:\/\/octowatchdlp.com\/es\/#\/schema\/logo\/image\/"}}]}},"_links":{"self":[{"href":"https:\/\/octowatchdlp.com\/es\/wp-json\/wp\/v2\/pages\/558","targetHints":{"allow":["GET"]}}],"collection":[{"href":"https:\/\/octowatchdlp.com\/es\/wp-json\/wp\/v2\/pages"}],"about":[{"href":"https:\/\/octowatchdlp.com\/es\/wp-json\/wp\/v2\/types\/page"}],"author":[{"embeddable":true,"href":"https:\/\/octowatchdlp.com\/es\/wp-json\/wp\/v2\/users\/1"}],"replies":[{"embeddable":true,"href":"https:\/\/octowatchdlp.com\/es\/wp-json\/wp\/v2\/comments?post=558"}],"version-history":[{"count":0,"href":"https:\/\/octowatchdlp.com\/es\/wp-json\/wp\/v2\/pages\/558\/revisions"}],"wp:attachment":[{"href":"https:\/\/octowatchdlp.com\/es\/wp-json\/wp\/v2\/media?parent=558"}],"curies":[{"name":"wp","href":"https:\/\/api.w.org\/{rel}","templated":true}]}}